{"id":255,"date":"2025-12-23T01:43:13","date_gmt":"2025-12-23T01:43:13","guid":{"rendered":"https:\/\/maviet.com.vn\/New\/?post_type=product&#038;p=255"},"modified":"2025-12-25T08:04:14","modified_gmt":"2025-12-25T08:04:14","slug":"11111","status":"publish","type":"product","link":"https:\/\/maviet.com.vn\/New\/product\/11111\/","title":{"rendered":"ZEBRA ZT410\/ ZT420 Series"},"content":{"rendered":"<h2>Gi\u1edbi thi\u1ec7u d\u00f2ng m\u00e1y in m\u00e3 v\u1ea1ch Zebra ZT410<\/h2>\n<p>M\u00e1y in <strong data-start=\"289\" data-end=\"304\">Zebra ZT410<\/strong>\u00a0l\u00e0 d\u00f2ng <strong data-start=\"332\" data-end=\"362\">m\u00e1y in c\u00f4ng nghi\u1ec7p cao c\u1ea5p<\/strong> \u0111\u01b0\u1ee3c thi\u1ebft k\u1ebf \u0111\u1ec3 v\u1eadn h\u00e0nh li\u00ean t\u1ee5c trong m\u00f4i tr\u01b0\u1eddng doanh nghi\u1ec7p v\u1edbi hi\u1ec7u su\u1ea5t cao, \u0111\u1ed9 \u1ed5n \u0111\u1ecbnh v\u01b0\u1ee3t tr\u1ed9i v\u00e0 kh\u1ea3 n\u0103ng m\u1edf r\u1ed9ng linh ho\u1ea1t. \u0110\u00e2y l\u00e0 l\u1ef1a ch\u1ecdn ph\u00f9 h\u1ee3p cho c\u00e1c h\u1ec7 th\u1ed1ng in tem nh\u00e3n kh\u1ed1i l\u01b0\u1ee3ng l\u1edbn trong:<\/p>\n<ul>\n<li style=\"list-style-type: none;\">\n<ul>\n<li data-start=\"574\" data-end=\"599\">\n<p data-start=\"576\" data-end=\"599\"><strong data-start=\"576\" data-end=\"599\">Kho v\u1eadn &amp; logistics<\/strong><\/p>\n<\/li>\n<li data-start=\"600\" data-end=\"639\">\n<p data-start=\"602\" data-end=\"639\"><strong data-start=\"602\" data-end=\"639\">S\u1ea3n xu\u1ea5t &amp; d\u00e2y chuy\u1ec1n c\u00f4ng nghi\u1ec7p<\/strong><\/p>\n<\/li>\n<li data-start=\"640\" data-end=\"663\">\n<p data-start=\"642\" data-end=\"663\"><strong data-start=\"642\" data-end=\"663\">B\u00e1n l\u1ebb \u2013 si\u00eau th\u1ecb<\/strong><\/p>\n<\/li>\n<li data-start=\"664\" data-end=\"693\">\n<p data-start=\"666\" data-end=\"693\"><strong data-start=\"666\" data-end=\"693\">Y t\u1ebf \u2013 ph\u00f2ng th\u00ed nghi\u1ec7m<\/strong><\/p>\n<\/li>\n<li data-start=\"694\" data-end=\"730\">\n<p data-start=\"696\" data-end=\"730\"><strong data-start=\"696\" data-end=\"730\">Th\u01b0\u01a1ng m\u1ea1i \u0111i\u1ec7n t\u1eed &amp; xu\u1ea5t kh\u1ea9u<\/strong><\/p>\n<\/li>\n<\/ul>\n<\/li>\n<\/ul>\n<p>&nbsp;<\/p>\n<h2 data-start=\"696\" data-end=\"730\">Thi\u1ebft k\u1ebf &amp; Hi\u1ec7u n\u0103ng<\/h2>\n<h3>\u00a0Hi\u1ec7u n\u0103ng c\u00f4ng nghi\u1ec7p<\/h3>\n<ul>\n<li style=\"list-style-type: none;\">\n<ul>\n<li data-start=\"795\" data-end=\"862\">\n<p data-start=\"797\" data-end=\"862\"><strong data-start=\"797\" data-end=\"814\">T\u1ed1c \u0111\u1ed9 in cao<\/strong>: l\u00ean \u0111\u1ebfn ~14 ips (inch per second) t\u00f9y c\u1ea5u h\u00ecnh<\/p>\n<\/li>\n<li data-start=\"863\" data-end=\"944\">\n<p data-start=\"865\" data-end=\"944\"><strong data-start=\"865\" data-end=\"889\">\u0110\u1ed9 ph\u00e2n gi\u1ea3i \u0111a d\u1ea1ng<\/strong>: 203 dpi, 300 dpi, th\u1eadm ch\u00ed 600 dpi (t\u00f9y model\/config)<\/p>\n<\/li>\n<li data-start=\"945\" data-end=\"1028\">\n<p data-start=\"947\" data-end=\"1028\"><strong data-start=\"947\" data-end=\"966\">B\u1ed9 nh\u1edb n\u00e2ng cao<\/strong>: dung l\u01b0\u1ee3ng RAM v\u00e0 Flash l\u1edbn, x\u1eed l\u00fd nhanh c\u00e1c job in ph\u1ee9c t\u1ea1p<\/p>\n<\/li>\n<\/ul>\n<\/li>\n<\/ul>\n<h3>Ph\u00f9 h\u1ee3p v\u1edbi:<\/h3>\n<ul>\n<li style=\"list-style-type: none;\">\n<ul data-start=\"1046\" data-end=\"1129\">\n<li data-start=\"1046\" data-end=\"1065\">\n<p data-start=\"1048\" data-end=\"1065\">In tem v\u1eadn chuy\u1ec3n<\/p>\n<\/li>\n<li data-start=\"1066\" data-end=\"1081\">\n<p data-start=\"1068\" data-end=\"1081\">In tem pallet<\/p>\n<\/li>\n<li data-start=\"1082\" data-end=\"1103\">\n<p data-start=\"1084\" data-end=\"1103\">In nh\u00e3n theo l\u00f4 l\u1edbn<\/p>\n<\/li>\n<li data-start=\"1104\" data-end=\"1129\">\n<p data-start=\"1106\" data-end=\"1129\">In d\u1eef li\u1ec7u bi\u1ebfn \u0111\u1ed5i cao<\/p>\n<\/li>\n<\/ul>\n<\/li>\n<\/ul>\n<h2>K\u1ebft n\u1ed1i &amp; T\u01b0\u01a1ng th\u00edch<\/h2>\n<h3>K\u1ebft n\u1ed1i chu\u1ea9n doanh nghi\u1ec7p<\/h3>\n<p data-start=\"1199\" data-end=\"1231\"><strong>M\u00e1y in h\u1ed7 tr\u1ee3 \u0111a d\u1ea1ng giao ti\u1ebfp:<\/strong><\/p>\n<ul>\n<li style=\"list-style-type: none;\">\n<ul data-start=\"1232\" data-end=\"1375\">\n<li data-start=\"1232\" data-end=\"1241\">\n<p data-start=\"1234\" data-end=\"1241\">USB<\/p>\n<\/li>\n<li data-start=\"1242\" data-end=\"1262\">\n<p data-start=\"1244\" data-end=\"1262\">Ethernet (LAN)<\/p>\n<\/li>\n<li data-start=\"1263\" data-end=\"1275\">\n<p data-start=\"1265\" data-end=\"1275\">Serial<\/p>\n<\/li>\n<li data-start=\"1276\" data-end=\"1306\">\n<p data-start=\"1278\" data-end=\"1306\">Bluetooth (t\u00f9y c\u1ea5u h\u00ecnh)<\/p>\n<\/li>\n<li data-start=\"1307\" data-end=\"1333\">\n<p data-start=\"1309\" data-end=\"1333\">Wi-Fi (t\u00f9y t\u00f9y ch\u1ecdn)<\/p>\n<\/li>\n<li data-start=\"1334\" data-end=\"1375\">\n<p data-start=\"1336\" data-end=\"1375\">Industrial protocols \/ SDK t\u00edch h\u1ee3p<\/p>\n<\/li>\n<\/ul>\n<\/li>\n<\/ul>\n<p data-start=\"1377\" data-end=\"1401\"><strong>K\u1ebft n\u1ed1i linh ho\u1ea1t v\u1edbi:<\/strong><\/p>\n<ul>\n<li style=\"list-style-type: none;\">\n<ul data-start=\"1402\" data-end=\"1470\">\n<li data-start=\"1402\" data-end=\"1407\">\n<p data-start=\"1404\" data-end=\"1407\">ERP<\/p>\n<\/li>\n<li data-start=\"1408\" data-end=\"1413\">\n<p data-start=\"1410\" data-end=\"1413\">WMS<\/p>\n<\/li>\n<li data-start=\"1414\" data-end=\"1436\">\n<p data-start=\"1416\" data-end=\"1436\">Warehouse management<\/p>\n<\/li>\n<li data-start=\"1437\" data-end=\"1451\">\n<p data-start=\"1439\" data-end=\"1451\">H\u1ec7 th\u1ed1ng POS<\/p>\n<\/li>\n<li data-start=\"1452\" data-end=\"1470\">\n<p data-start=\"1454\" data-end=\"1470\">Thi\u1ebft b\u1ecb di \u0111\u1ed9ng<\/p>\n<\/li>\n<\/ul>\n<\/li>\n<\/ul>\n","protected":false},"excerpt":{"rendered":"<p>M\u00e1y in <strong data-start=\"289\" data-end=\"304\">Zebra ZT410<\/strong> v\u00e0 <strong data-start=\"308\" data-end=\"323\">Zebra ZT420<\/strong> l\u00e0 d\u00f2ng <strong data-start=\"332\" data-end=\"362\">m\u00e1y in c\u00f4ng nghi\u1ec7p cao c\u1ea5p<\/strong> \u0111\u01b0\u1ee3c thi\u1ebft k\u1ebf \u0111\u1ec3 v\u1eadn h\u00e0nh li\u00ean t\u1ee5c trong m\u00f4i tr\u01b0\u1eddng doanh nghi\u1ec7p v\u1edbi hi\u1ec7u su\u1ea5t cao, \u0111\u1ed9 \u1ed5n \u0111\u1ecbnh v\u01b0\u1ee3t tr\u1ed9i v\u00e0 kh\u1ea3 n\u0103ng m\u1edf r\u1ed9ng linh ho\u1ea1t.<\/p>\n<p><strong data-start=\"3244\" data-end=\"3273\">Zebra ZT410\/ ZT420 Series<\/strong> l\u00e0 d\u00f2ng <strong data-start=\"3282\" data-end=\"3338\">m\u00e1y in c\u00f4ng nghi\u1ec7p si\u00eau b\u1ec1n, t\u1ed1c \u0111\u1ed9 cao, d\u1ec5 t\u00edch h\u1ee3p<\/strong> v\u00e0o c\u00e1c h\u1ec7 th\u1ed1ng doanh nghi\u1ec7p. Th\u00edch h\u1ee3p cho m\u00f4i tr\u01b0\u1eddng s\u1ea3n xu\u1ea5t \u2013 kho v\u1eadn \u2013 in theo l\u00f4 l\u1edbn y\u00eau c\u1ea7u \u0111\u1ed9 ch\u00ednh x\u00e1c v\u00e0 \u1ed5n \u0111\u1ecbnh.<\/p>\n","protected":false},"featured_media":256,"comment_status":"closed","ping_status":"closed","template":"","meta":{"pagelayer_contact_templates":[],"_pagelayer_content":""},"product_brand":[25,26,17],"product_cat":[20],"product_tag":[22,19,21],"class_list":{"0":"post-255","1":"product","2":"type-product","3":"status-publish","4":"has-post-thumbnail","6":"product_brand-tsc","7":"product_brand-valentin","8":"product_brand-zebra","9":"product_cat-may-in-cong-nghiep","10":"product_tag-may-in","11":"product_tag-may-in-cong-nghiep","12":"product_tag-may-in-zebra","14":"first","15":"instock","16":"sale","17":"shipping-taxable","18":"purchasable","19":"product-type-simple"},"jetpack_sharing_enabled":true,"_links":{"self":[{"href":"https:\/\/maviet.com.vn\/New\/wp-json\/wp\/v2\/product\/255","targetHints":{"allow":["GET"]}}],"collection":[{"href":"https:\/\/maviet.com.vn\/New\/wp-json\/wp\/v2\/product"}],"about":[{"href":"https:\/\/maviet.com.vn\/New\/wp-json\/wp\/v2\/types\/product"}],"replies":[{"embeddable":true,"href":"https:\/\/maviet.com.vn\/New\/wp-json\/wp\/v2\/comments?post=255"}],"wp:featuredmedia":[{"embeddable":true,"href":"https:\/\/maviet.com.vn\/New\/wp-json\/wp\/v2\/media\/256"}],"wp:attachment":[{"href":"https:\/\/maviet.com.vn\/New\/wp-json\/wp\/v2\/media?parent=255"}],"wp:term":[{"taxonomy":"product_brand","embeddable":true,"href":"https:\/\/maviet.com.vn\/New\/wp-json\/wp\/v2\/product_brand?post=255"},{"taxonomy":"product_cat","embeddable":true,"href":"https:\/\/maviet.com.vn\/New\/wp-json\/wp\/v2\/product_cat?post=255"},{"taxonomy":"product_tag","embeddable":true,"href":"https:\/\/maviet.com.vn\/New\/wp-json\/wp\/v2\/product_tag?post=255"}],"curies":[{"name":"wp","href":"https:\/\/api.w.org\/{rel}","templated":true}]}}