{"id":55,"date":"2025-12-16T03:06:40","date_gmt":"2025-12-16T03:06:40","guid":{"rendered":"https:\/\/maviet.com.vn\/New\/home\/"},"modified":"2025-12-18T09:46:40","modified_gmt":"2025-12-18T09:46:40","slug":"home","status":"publish","type":"page","link":"https:\/\/maviet.com.vn\/New\/","title":{"rendered":"Home"},"content":{"rendered":"\n\n\n\n\n<p><em><u>C\u00f4ng ty C\u1ed5 Ph\u1ea7n Th\u01b0\u01a1ng M\u1ea1i\u00a0 K\u1ef9 thu\u1eadt m\u00e3 vi\u1ec7t<\/u><\/em><\/p>\n\n\n\n\n\n\n\n\n\n\n\n<p>Lorem Ipsum has been the industry&#8217;s standard dummy text ever since the 1500s.<\/p>\n\n<br>\n\n\n\n<p>Lorem Ipsum has been the industry&#8217;s standard dummy text ever since the 1500s.<\/p>\n\n<br>\n\n\n\n<p>Lorem Ipsum has been the industry&#8217;s standard dummy text ever since the 1500s.<\/p>\n\n<br>\n\n\n\n<p>Lorem Ipsum has been the industry&#8217;s standard dummy text ever since the 1500s.<\/p>\n\n<br>\n\n\n\n<p>Lorem Ipsum has been the industry&#8217;s standard dummy text ever since the 1500s.<\/p>\n\n<br>\n\n\n\n\n\n\n<p>Since 2012<\/p>\n\n\n<h1 [object NamedNodeMap]><span style=\"font-weight: normal;\">GI\u1edaI THI\u1ec6U V\u1ec0 M\u00c3 VI\u1ec6T<\/span><\/h1>\n\n\n<h4><span style=\"font-family: Arial, Helvetica, sans-serif; border-color: rgb(235, 235, 235); font-size: 14px; text-align: justify; color: rgb(255, 0, 0);\"><strong style=\"font-family: Arial, Helvetica, sans-serif; border-color: rgb(235, 235, 235);\">C\u00f4ng Ty C\u1ed5 ph\u1ea7n Th\u01b0\u01a1ng M\u1ea1i K\u1ef9 Thu\u1eadt M\u00e3 Vi\u1ec7t<\/strong><\/span><span style=\"color: rgb(82, 82, 82); font-family: helvetica, arial, sans-serif; font-size: 14px; text-align: justify;\">\u00a0l\u00e0 nh\u00e0 cung \u1ee9ng chuy\u00ean nghi\u1ec7p c\u00e1c gi\u1ea3i ph\u00e1p v\u00e0 v\u1eadt t\u01b0 v\u1ec1 thi\u1ebft b\u1ecb in \u1ea5n tem nh\u00e3n m\u00e3 v\u1ea1ch cho h\u1ea7u h\u1ebft c\u00e1c l\u0129nh v\u1ef1c c\u00f4ng nghi\u1ec7p.<\/span><\/h4>\n\n\n<p style=\"font-family: Arial, Helvetica, sans-serif; margin-bottom: 1.5em; font-style: normal; font-weight: 100; border-color: rgb(235, 235, 235); color: rgb(82, 82, 82); font-size: 14px; font-variant-ligatures: normal; font-variant-caps: normal; text-align: justify; padding-left: 30px;\"><strong style=\"font-family: Arial, Helvetica, sans-serif; border-color: rgb(235, 235, 235);\"><span style=\"font-family: helvetica, arial, sans-serif; font-style: inherit; font-weight: inherit; border-color: rgb(235, 235, 235);\"># 2012 : C\u00f4ng ty ch\u00fang t\u00f4i \u0111\u01b0\u1ee3c th\u00e0nh l\u1eadp.<\/span><\/strong><\/p><p style=\"font-family: Arial, Helvetica, sans-serif; margin-bottom: 1.5em; font-style: normal; font-weight: 100; border-color: rgb(235, 235, 235); color: rgb(82, 82, 82); font-size: 14px; font-variant-ligatures: normal; font-variant-caps: normal; text-align: justify; padding-left: 30px;\"><strong style=\"font-family: Arial, Helvetica, sans-serif; border-color: rgb(235, 235, 235);\"><span style=\"font-family: helvetica, arial, sans-serif; font-style: inherit; font-weight: inherit; border-color: rgb(235, 235, 235);\"># 2014 :&nbsp;Ch\u00fang t\u00f4i ch\u00ednh th\u1ee9c cung c\u1ea5p M\u00e1y in ZEBRA \u2013 USA.<\/span><\/strong><\/p><p style=\"font-family: Arial, Helvetica, sans-serif; margin-bottom: 1.5em; font-style: normal; font-weight: 100; border-color: rgb(235, 235, 235); color: rgb(82, 82, 82); font-size: 14px; font-variant-ligatures: normal; font-variant-caps: normal; text-align: justify; padding-left: 30px;\"><strong style=\"font-family: Arial, Helvetica, sans-serif; border-color: rgb(235, 235, 235);\"><span style=\"font-family: helvetica, arial, sans-serif; font-style: inherit; font-weight: inherit; border-color: rgb(235, 235, 235);\"># 2015 : Ch\u00fang t\u00f4i ch\u00ednh th\u1ee9c cung c\u1ea5p M\u00e1y in&nbsp;NOVEXX SOLUTION \u2013 GERMANY<\/span><\/strong><\/p><p style=\"font-family: Arial, Helvetica, sans-serif; margin-bottom: 1.5em; font-style: normal; font-weight: 100; border-color: rgb(235, 235, 235); color: rgb(82, 82, 82); font-size: 14px; font-variant-ligatures: normal; font-variant-caps: normal; text-align: justify; padding-left: 30px;\"><strong style=\"font-family: Arial, Helvetica, sans-serif; border-color: rgb(235, 235, 235);\"><span style=\"font-family: helvetica, arial, sans-serif; font-style: inherit; font-weight: inherit; border-color: rgb(235, 235, 235);\"># 2016 : Ch\u00fang t\u00f4i ch\u00ednh th\u1ee9c ph\u00e2n ph\u1ed1i M\u00e1y in CARL-VALENTIN&nbsp;\u2013 GERMANY.<\/span><\/strong><\/p><p style=\"font-family: Arial, Helvetica, sans-serif; margin-bottom: 1.5em; font-style: normal; font-weight: 100; border-color: rgb(235, 235, 235); color: rgb(82, 82, 82); font-size: 14px; font-variant-ligatures: normal; font-variant-caps: normal; text-align: justify; padding-left: 30px;\"><strong style=\"font-family: Arial, Helvetica, sans-serif; border-color: rgb(235, 235, 235);\"><span style=\"font-family: helvetica, arial, sans-serif; font-style: inherit; font-weight: inherit; border-color: rgb(235, 235, 235);\"># 2017 :&nbsp;Ch\u00fang t\u00f4i ch\u00ednh th\u1ee9c cung c\u1ea5p M\u00e1y in AVERY DENNISON.<\/span><\/strong><\/p><p style=\"margin-bottom: 1.5em; font-style: normal; font-weight: 100; border-color: rgb(235, 235, 235); font-size: 14px; font-variant-ligatures: normal; font-variant-caps: normal; text-align: justify;\"><strong style=\"border-color: rgb(235, 235, 235);\"><span style=\"color: rgb(82, 82, 82); font-family: helvetica, arial, sans-serif; font-style: inherit; font-weight: inherit; border-color: rgb(235, 235, 235);\">&nbsp; &nbsp; &nbsp; &nbsp; #2018 : Ch\u00fang t\u00f4i&nbsp;cung c\u1ea5p d\u1ecbch v\u1ee5 s\u1eefa ch\u1eefa m\u00e1y in cho t\u1ea5t c\u1ea3 c\u00e1c kh\u00e1ch h\u00e0ng,&nbsp;<\/span><\/strong><\/p>\n\n\n\n\n\n<p>C\u00e1c h\u00e3ng m\u00e1y in&nbsp;<\/p>\n\n\n<p>Lorem Ipsum has been the industry&#8217;s standard dummy text ever since the 1500s.<\/p>\n\n\n<p><strong data-start=\"83\" data-end=\"105\">Zebra Technologies<\/strong> l\u00e0 m\u1ed9t t\u1eadp \u0111o\u00e0n c\u00f4ng ngh\u1ec7 c\u1ee7a <strong data-start=\"136\" data-end=\"146\">Hoa K\u1ef3<\/strong>, \u0111\u01b0\u1ee3c th\u00e0nh l\u1eadp n\u0103m <strong data-start=\"167\" data-end=\"175\">1969<\/strong>, n\u1ed5i ti\u1ebfng to\u00e0n c\u1ea7u trong l\u0129nh v\u1ef1c <strong data-start=\"211\" data-end=\"275\">in \u1ea5n m\u00e3 v\u1ea1ch, RFID v\u00e0 gi\u1ea3i ph\u00e1p nh\u1eadn d\u1ea1ng t\u1ef1 \u0111\u1ed9ng (Auto-ID)<\/strong>.<\/p>\n\n\n\n<p>Lorem Ipsum has been the industry&#8217;s standard dummy text ever since the 1500s.<\/p>\n\n\n<p><strong data-start=\"2000\" data-end=\"2055\">Valentin\u00a0<\/strong><span data-start=\"2000\" data-end=\"2055\">l\u00e0 h\u00e3ng m\u00e1y in c\u00f4ng nghi\u1ec7p cao c\u1ea5p c\u1ee7a \u0110\u1ee9c<\/span>, r\u1ea5t m\u1ea1nh trong <strong data-start=\"2072\" data-end=\"2136\">in tem ch\u00ednh x\u00e1c, in li\u00ean t\u1ee5c v\u00e0 t\u00edch h\u1ee3p d\u00e2y chuy\u1ec1n t\u1ef1 \u0111\u1ed9ng<\/strong>, ph\u00f9 h\u1ee3p cho <strong data-start=\"2150\" data-end=\"2201\">nh\u00e0 m\u00e1y, khu c\u00f4ng nghi\u1ec7p v\u00e0 s\u1ea3n xu\u1ea5t quy m\u00f4 l\u1edbn<\/strong><\/p>\n\n\n\n<p>Lorem Ipsum has been the industry&#8217;s standard dummy text ever since the 1500s.<\/p>\n\n\n<p><strong data-start=\"1984\" data-end=\"2000\">Avery-Novexx<\/strong> l\u00e0 h\u00e3ng m\u00e1y in tem v\u00e0 m\u00e3 v\u1ea1ch m\u1ea1nh trong nh\u00f3m <strong data-start=\"2047\" data-end=\"2083\">th\u01b0\u01a1ng hi\u1ec7u c\u00f4ng nghi\u1ec7p to\u00e0n c\u1ea7u<\/strong>, ph\u00f9 h\u1ee3p cho doanh nghi\u1ec7p c\u1ea7n <strong data-start=\"2114\" data-end=\"2155\">gi\u1ea3i ph\u00e1p in \u2013 d\u00e1n \u2013 t\u00edch h\u1ee3p t\u1ef1 \u0111\u1ed9ng<\/strong>, t\u1eeb <strong data-start=\"2160\" data-end=\"2172\">shop nh\u1ecf<\/strong> \u0111\u1ebfn <strong data-start=\"2177\" data-end=\"2192\">nh\u00e0 m\u00e1y l\u1edbn<\/strong><\/p>\n\n\n\n\n\n\n\n<p>C\u00e1c s\u1ea3n ph\u1ea9m n\u1ed5i b\u1eadt<\/p>\n\n\n\n\n\n\n\n\n\n\n\n\n\n\n\n\n\n\n\n\n\n\n\n\n\n\n\n\n\n\n\n\n\n<p><span style=\"font-weight: normal;\">C\u00f4ng ty c\u1ed5 ph\u1ea7n th\u01b0\u01a1ng m\u1ea1i k\u1ef9 thu\u1eadt m\u00e3 vi\u1ec7t<\/span><\/p>\n<p>Vui l\u00f2ng \u0111\u1ec3 l\u1ea1i th\u00f4ng tin theo m\u1eabu b\u00ean d\u01b0\u1edbi.<br data-start=\"611\" data-end=\"614\">\n\u0110\u1ed9i ng\u0169 c\u1ee7a ch\u00fang t\u00f4i s\u1ebd li\u00ean h\u1ec7 v\u00e0 h\u1ed7 tr\u1ee3 <strong data-start=\"666\" data-end=\"694\">trong th\u1eddi gian s\u1edbm nh\u1ea5t<\/strong>.<\/p>\n\n\n\n\n\n\n\n\n\n\n","protected":false},"excerpt":{"rendered":"","protected":false},"author":1,"featured_media":0,"parent":0,"menu_order":0,"comment_status":"closed","ping_status":"closed","template":"","meta":{"pagelayer_contact_templates":[],"_pagelayer_content":"","footnotes":""},"class_list":["post-55","page","type-page","status-publish","hentry"],"jetpack_sharing_enabled":true,"_links":{"self":[{"href":"https:\/\/maviet.com.vn\/New\/wp-json\/wp\/v2\/pages\/55","targetHints":{"allow":["GET"]}}],"collection":[{"href":"https:\/\/maviet.com.vn\/New\/wp-json\/wp\/v2\/pages"}],"about":[{"href":"https:\/\/maviet.com.vn\/New\/wp-json\/wp\/v2\/types\/page"}],"author":[{"embeddable":true,"href":"https:\/\/maviet.com.vn\/New\/wp-json\/wp\/v2\/users\/1"}],"replies":[{"embeddable":true,"href":"https:\/\/maviet.com.vn\/New\/wp-json\/wp\/v2\/comments?post=55"}],"version-history":[{"count":30,"href":"https:\/\/maviet.com.vn\/New\/wp-json\/wp\/v2\/pages\/55\/revisions"}],"predecessor-version":[{"id":241,"href":"https:\/\/maviet.com.vn\/New\/wp-json\/wp\/v2\/pages\/55\/revisions\/241"}],"wp:attachment":[{"href":"https:\/\/maviet.com.vn\/New\/wp-json\/wp\/v2\/media?parent=55"}],"curies":[{"name":"wp","href":"https:\/\/api.w.org\/{rel}","templated":true}]}}